{"id":1904,"date":"2022-03-25T10:14:35","date_gmt":"2022-03-25T10:14:35","guid":{"rendered":"https:\/\/9tydegrees.eu\/sample-page\/"},"modified":"2023-03-14T09:21:49","modified_gmt":"2023-03-14T09:21:49","slug":"sample-page","status":"publish","type":"page","link":"https:\/\/9tydegrees.eu\/en\/sample-page\/","title":{"rendered":"Sample Page"},"content":{"rendered":"\t\t<div data-elementor-type=\"wp-page\" data-elementor-id=\"1904\" class=\"elementor elementor-1904\" data-elementor-post-type=\"page\">\n\t\t\t\t\t\t<section class=\"elementor-section elementor-top-section elementor-element elementor-element-8139e37 elementor-section-height-min-height elementor-section-content-middle elementor-section-boxed elementor-section-height-default elementor-section-items-middle\" data-id=\"8139e37\" data-element_type=\"section\" data-settings=\"{&quot;background_background&quot;:&quot;classic&quot;}\">\n\t\t\t\t\t\t<div class=\"elementor-container elementor-column-gap-default\">\n\t\t\t\t\t<div class=\"elementor-column elementor-col-50 elementor-top-column elementor-element elementor-element-b0e35f0\" data-id=\"b0e35f0\" data-element_type=\"column\">\n\t\t\t<div class=\"elementor-widget-wrap elementor-element-populated\">\n\t\t\t\t\t\t<div class=\"elementor-element elementor-element-54d4ae4 elementor-widget elementor-widget-ucaddon_hotspot\" data-id=\"54d4ae4\" data-element_type=\"widget\" data-widget_type=\"ucaddon_hotspot.default\">\n\t\t\t\t<div class=\"elementor-widget-container\">\n\t\t\t\t\t\n<!-- start Hotspots -->\n\t\t<link id='font-awesome-css' href='https:\/\/9tydegrees.eu\/wp-content\/plugins\/unlimited-elements-for-elementor\/assets_libraries\/font-awesome6\/fontawesome-all.min.css' type='text\/css' rel='stylesheet' >\n\t\t<link id='font-awesome-4-shim-css' href='https:\/\/9tydegrees.eu\/wp-content\/plugins\/unlimited-elements-for-elementor\/assets_libraries\/font-awesome6\/fontawesome-v4-shims.min.css' type='text\/css' rel='stylesheet' >\n\t\t<link id='uc_ac_assets_file_tooltipster_bundle_min_css_6495-css' href='https:\/\/9tydegrees.eu\/wp-content\/uploads\/ac_assets\/Hotspot\/tooltipster.bundle.min.css' type='text\/css' rel='stylesheet' >\n\n<style>\/* widget: Hotspots *\/\n\n#uc_hotspot_elementor_54d4ae4\n{\n  position:relative;\n}\n#uc_hotspot_elementor_54d4ae4 img\n{\n  display:block;\n  width:100%;\n}\n\n#uc_hotspot_elementor_54d4ae4 .ue-hotspot-icon\n{\n  display:inline-block;\n  line-height:1em;\n}\n\n#uc_hotspot_elementor_54d4ae4 .ue-hotspot-icon svg\n{\n  height:1em;\n  width:1em;\n}\n\n#uc_hotspot_elementor_54d4ae4 .spot\n{\n  display:flex;\n  align-items:center;\n  justify-content:center;\n  text-align:center;\n  cursor:pointer;\n  position:absolute;\n  transform:translate(-50%,-50%);\n  padding-right:10px;\n  padding-left:10px;\n  box-sizing:border-box;\n  transition:0.5s;\n  line-height:1em;\n  \n\t\n\n}\n\n#uc_hotspot_elementor_54d4ae4 .spot:hover\n{\n  transform:translate(-50%,-50%) scale(0.9,0.9);\n}\n\n#uc_hotspot_elementor_54d4ae4 .spot:before\n{\n    content: '';\n    display: inline-block;\n    position: absolute;\n    top: -2px;\n    left: -2px;\n    bottom: -2px;\n    right: -2px;\n    border-radius: inherit;\n    -webkit-animation: btnIconRipple 2s cubic-bezier(0.23, 1, 0.32, 1) both infinite;\n    animation: btnIconRipple 2s cubic-bezier(0.23, 1, 0.32, 1) both infinite;\n}\n\n@keyframes btnIconRipple {\n  0% {\n    border-width: 4px;\n            transform: scale(1);\n  }\n  80% {\n    border-width: 1px;\n            transform: scale(1.35);\n  }\n  100% {\n    opacity: 0;\n  }\n}\n\n#uc_hotspot_elementor_54d4ae4 .tooltipster-base\n{\n  max-width:300px;\n}\n.tooltipster-sidetip .tooltipster-box {\n\tbackground: #00000000 !important;\n\tborder: 3px solid #00000000 !important;\n}\n\n.tooltipster-sidetip .tooltipster-content\n{\n  color: #00000005 !important;\n}\n\n.tooltipster-sidetip.tooltipster-bottom .tooltipster-arrow-background {\n\tborder-bottom-color: #00000000 !important;\n}\n\n.tooltipster-sidetip.tooltipster-left .tooltipster-arrow-background {\n\tborder-left-color: #00000000 !important;\n}\n\n.tooltipster-sidetip.tooltipster-right .tooltipster-arrow-background {\n\tborder-right-color: #00000000 !important;\n}\n\n.tooltipster-sidetip.tooltipster-top .tooltipster-arrow-background {\n\tborder-top-color: #00000000 !important;\n}\n\n.tooltipster-sidetip.tooltipster-bottom .tooltipster-arrow-border {\n\tborder-bottom-color: #00000000 !important;\n}\n\n.tooltipster-sidetip.tooltipster-left .tooltipster-arrow-border {\n\tborder-left-color: #00000000 !important;\n}\n\n.tooltipster-sidetip.tooltipster-right .tooltipster-arrow-border {\n\tborder-right-color: #00000000 !important;\n}\n\n.tooltipster-sidetip.tooltipster-top .tooltipster-arrow-border {\n\tborder-top-color: #00000000 !important;\n}\n\n.ue-popup-overlay\n{\n  position:fixed;\n  top:0;\n  bottom:0;\n  right:0;\n  left:0;\n  width:100%;\n  display:none;\n\n}\n\n.item-popup\n{\n  display:none;\n  background-color:white;\n  position:absolute;\n  top:50%;\n  left:50%;\n  transform:translate(-50%,-50%);\n  z-index:100000000;\n}\n\n.item-popup-title\n{\n  justify-content:space-between;\n  align-items:center;\n  display:flex;\n}\n\n.item-popup-close\n{\n  cursor:pointer;\n}\n\n.item-popup-text\n{\n  padding:20px;\n}\n#uc_hotspot_elementor_54d4ae4 #uc_hotspot_elementor_54d4ae4_item1\n{\n\n  text-decoration:none;\n}\n#uc_hotspot_elementor_54d4ae4 #uc_hotspot_elementor_54d4ae4_item2\n{\n\n  text-decoration:none;\n}\n#uc_hotspot_elementor_54d4ae4 #uc_hotspot_elementor_54d4ae4_item3\n{\n\n  text-decoration:none;\n}\n\n\n<\/style>\n\n<div id=\"uc_hotspot_elementor_54d4ae4\" class=\" uc-remote-parent\"  data-remoteid='auto' data-widgetname='Hotspots' data-sync='true' data-syncid='group1'>\n  <img decoding=\"async\" src=\"https:\/\/9tydegrees.eu\/wp-content\/uploads\/2023\/01\/porsche-hotspot.png\">\n  <div class=\"uc-hotspots-items\">\n  <a class=\"spot elementor-repeater-item-2883736\" id=\"uc_hotspot_elementor_54d4ae4_item1\" title=\"Awesome and Very&lt;br&gt;Long Text Test for this first tooltip\" href=\"\" >\n    <span class=\"ue-hotspot-icon\"><i class='fas fa-circle'><\/i><\/span><\/a>\n<a class=\"spot elementor-repeater-item-64a9f22\" id=\"uc_hotspot_elementor_54d4ae4_item2\" title=\"Awesome and Very&lt;br&gt;Long Text Test for this first tooltip\" href=\"\" >\n    <span class=\"ue-hotspot-icon\"><i class='fas fa-circle'><\/i><\/span><\/a>\n<a class=\"spot elementor-repeater-item-2eb7570\" id=\"uc_hotspot_elementor_54d4ae4_item3\" title=\"Awesome and Very&lt;br&gt;Long Text Test for this first tooltip\" href=\"\" >\n    <span class=\"ue-hotspot-icon\"><i class='fas fa-circle'><\/i><\/span><\/a>\n\n  <\/div>\n<\/div>\n\n\n\n\n<!-- end Hotspots -->\t\t\t\t<\/div>\n\t\t\t\t<\/div>\n\t\t\t\t\t<\/div>\n\t\t<\/div>\n\t\t\t\t<div class=\"elementor-column elementor-col-50 elementor-top-column elementor-element elementor-element-30f7cf1\" data-id=\"30f7cf1\" data-element_type=\"column\">\n\t\t\t<div class=\"elementor-widget-wrap elementor-element-populated\">\n\t\t\t\t\t\t<div class=\"elementor-element elementor-element-4a7545e elementor-widget elementor-widget-ucaddon_woocommerce_product_carousel\" data-id=\"4a7545e\" data-element_type=\"widget\" data-widget_type=\"ucaddon_woocommerce_product_carousel.default\">\n\t\t\t\t<div class=\"elementor-widget-container\">\n\t\t\t\t\t\n<!-- start WooCommerce Product Carousel -->\n\t\t<link id='owl-carousel-css' href='https:\/\/9tydegrees.eu\/wp-content\/plugins\/unlimited-elements-for-elementor\/assets_libraries\/owl-carousel-new\/assets\/owl.carousel.css' type='text\/css' rel='stylesheet' >\n\n<style>\/* widget: WooCommerce Product Carousel *\/\n\n#uc_woocommerce_product_carousel_elementor_4a7545e{\n  min-height:1px;\n}\n\n#uc_woocommerce_product_carousel_elementor_4a7545e *{\n  box-sizing:border-box;\n}\n\n#uc_woocommerce_product_carousel_elementor_4a7545e .uc_image_carousel_content\n{ \n  box-sizing:border-box;\n}\n\n#uc_woocommerce_product_carousel_elementor_4a7545e .uc_image_carousel_placeholder\n{\n  overflow:hidden;\n  position:relative;\n}\n\n#uc_woocommerce_product_carousel_elementor_4a7545e{\n  position:relative;\n}\n\n.uc_post_title{\n  font-size:21px;\n}\n\n\n#uc_woocommerce_product_carousel_elementor_4a7545e .owl-nav .owl-prev{\n    position:absolute;\n    display:inline-block;\n    text-align:center;\n}\n#uc_woocommerce_product_carousel_elementor_4a7545e .owl-nav .owl-next{\n  position:absolute;\n  display:inline-block;\n  text-align:center;\n}\n\n\n#uc_woocommerce_product_carousel_elementor_4a7545e .uc_image_carousel_container_holder{\n  text-align:center;\n  overflow:hidden;\n}\n\n#uc_woocommerce_product_carousel_elementor_4a7545e .uc_btn, .uc-button-addcart, .added_to_cart{\n \n    display:inline-block;\n  text-decoration:none;\n  text-align:center;\n}\n\n#uc_woocommerce_product_carousel_elementor_4a7545e .uc_product_image img\n{\n  width:100%;\n  font-size:0px;\n}\n\n\n\n\n#uc_woocommerce_product_carousel_elementor_4a7545e .owl-dots {\noverflow:hidden;\n display:block !important;\ntext-align:center;\n}\n\n#uc_woocommerce_product_carousel_elementor_4a7545e .owl-dot {\nborder-radius:50%;\ndisplay:inline-block;\n}\n\n\n\n\n\n\n\n\n\n\n\n.uc-button-addcart.added\n{\n  display:none !important;\n}\n\n.uc_prices > div\n{\n  display:inline-block;\n}\n\n\n#uc_woocommerce_product_carousel_elementor_4a7545e .uc_image_carousel_container_holder .uc_product_image\n{\n  transition:0.5s;\n}\n\n\n\n\n#uc_woocommerce_product_carousel_elementor_4a7545e .uc_image_carousel_container_holder:hover .uc_product_image\n{\n  transform:scale(1.1,1.1);\n}\n\n\n\n#uc_woocommerce_product_carousel_elementor_4a7545e .ue_woocommerce_product_carousel_sale_label\n{\n  display:inline-flex;\n  position:absolute;\n  left:10px;\n  top:10px;\n  align-items:center;\n  justify-content:center;\n}\n\n#uc_woocommerce_product_carousel_elementor_4a7545e .ue_woocommerce_product_grid_out_of_stock_label{\n    position: absolute;\n  \tdisplay:inline-flex;\n    align-items:center;\n    justify-content:center;\n  \tleft:10px;\n  \ttop:10px;\n  \tz-index: 1;\n}\n\n#uc_woocommerce_product_carousel_elementor_4a7545e .uc_image_carousel_content_inside\n{\n  display:flex;\n  flex-direction:column;\n}\n\n#uc_woocommerce_product_carousel_elementor_4a7545e .uc_buttons\n{\n  margin-top:auto;\n}\n\n#uc_woocommerce_product_carousel_elementor_4a7545e .ue-woo-item\n{\n  transition:0.3s;\n}\n\n\n\n\n\n\n\t#uc_woocommerce_product_carousel_elementor_4a7545e_item1 .uc_sale_currency\n    {\n      display:none\n    }\n\n\t#uc_woocommerce_product_carousel_elementor_4a7545e_item2 .uc_sale_currency\n    {\n      display:none\n    }\n\n\n\n<\/style>\n\n<div class=\"uc_overlay_image_carousel\" >\n   <div class=\"uc_carousel owl-carousel owl-theme uc-items-wrapper  uc-remote-parent \" id=\"uc_woocommerce_product_carousel_elementor_4a7545e\"  data-remoteid='auto' data-widgetname='WooCommerce Product Carousel' data-sync='true' data-syncid='group1' data-custom-sethtml=\"true\" >\n   \t\t<div class=\"uc_image_carousel_container_holder ue-woo-item ue-item\" id=\"uc_woocommerce_product_carousel_elementor_4a7545e_item1\">\n      \n  <div class=\"uc_image_carousel_placeholder\" style=\"position:relative;\">\n    \n        \t\n\t    \n    <a href=\"https:\/\/9tydegrees.eu\/en\/product\/magnetni-nosilec-registrske-tablice-original\/\">\n      <div class=\"uc_product_image\" >\n            <img fetchpriority=\"high\" decoding=\"async\" src=\"https:\/\/9tydegrees.eu\/wp-content\/uploads\/2022\/12\/1_O-768x513.jpg\"  src=\"https:\/\/9tydegrees.eu\/wp-content\/uploads\/2022\/12\/1_O-768x513.jpg\" alt=\"1_O\" width=\"768\" height=\"513\">\n            \n      <\/div>\n    <\/a>\n                              \t\n       \t\n       <\/div>\n\n  <div class=\"uc_image_carousel_content\" >\n    <div class=\"uc_image_carousel_content_inside\">\n        <div class=\"uc_post_title uc-direction\"><a href=\"https:\/\/9tydegrees.eu\/en\/product\/magnetni-nosilec-registrske-tablice-original\/\">Ninety Degrees ORIGINAL<\/a><\/div>          \n           \n    <div class=\"uc_prices\">\n    <div><center><hr style=\"width:5%;height:1px;border-width:0;color:black;background-color:black\"><\/div><\/center>\n       \n                \n               \t<div class=\"uc_price\">\n                              <span class=\"woocommerce-Price-amount amount\"><bdi>48,79<span class=\"woocommerce-Price-currencySymbol\">&euro;<\/span><\/bdi><\/span>            \n                           \n         \t<\/div>\n             \n    <\/div>\n    <div class=\"uc_buttons\">\n                  \n           \n      \n                \t                                   \n      \t<a href=\"https:\/\/9tydegrees.eu\/en\/wp-json\/wp\/v2\/pages\/1904\/?add-to-cart=1876\" data-quantity=\"1\" class=\"uc-button-addcart product_type_simple add_to_cart_button ajax_add_to_cart\" data-product_id=\"1876\" data-product_sku=\"\" rel=\"nofollow\"><i class=''><\/i>Dodaj v Ko\u0161arico<\/a>                  \n\n          <\/div>\n    <\/div>\n   <\/div>\n<\/div>\n<div class=\"uc_image_carousel_container_holder ue-woo-item ue-item\" id=\"uc_woocommerce_product_carousel_elementor_4a7545e_item2\">\n      \n  <div class=\"uc_image_carousel_placeholder\" style=\"position:relative;\">\n    \n        \t\n\t    \n    <a href=\"https:\/\/9tydegrees.eu\/en\/product\/magnetni-nosilec-registrske-tablice-clean\/\">\n      <div class=\"uc_product_image\" >\n            <img decoding=\"async\" src=\"https:\/\/9tydegrees.eu\/wp-content\/uploads\/2023\/05\/1_C-new-768x513.jpg\"  src=\"https:\/\/9tydegrees.eu\/wp-content\/uploads\/2023\/05\/1_C-new-768x513.jpg\" alt=\"1_C-new\" width=\"768\" height=\"513\">\n            \n      <\/div>\n    <\/a>\n                              \t\n       \t\n       <\/div>\n\n  <div class=\"uc_image_carousel_content\" >\n    <div class=\"uc_image_carousel_content_inside\">\n        <div class=\"uc_post_title uc-direction\"><a href=\"https:\/\/9tydegrees.eu\/en\/product\/magnetni-nosilec-registrske-tablice-clean\/\">Ninety Degrees CLEAN<\/a><\/div>          \n           \n    <div class=\"uc_prices\">\n    <div><center><hr style=\"width:5%;height:1px;border-width:0;color:black;background-color:black\"><\/div><\/center>\n       \n                \n               \t<div class=\"uc_price\">\n                              <span class=\"woocommerce-Price-amount amount\"><bdi>68,31<span class=\"woocommerce-Price-currencySymbol\">&euro;<\/span><\/bdi><\/span>            \n                           \n         \t<\/div>\n             \n    <\/div>\n    <div class=\"uc_buttons\">\n                  \n           \n      \n                \t                                   \n      \t<a href=\"https:\/\/9tydegrees.eu\/en\/wp-json\/wp\/v2\/pages\/1904\/?add-to-cart=1874\" data-quantity=\"1\" class=\"uc-button-addcart product_type_simple add_to_cart_button ajax_add_to_cart\" data-product_id=\"1874\" data-product_sku=\"\" rel=\"nofollow\"><i class=''><\/i>Dodaj v Ko\u0161arico<\/a>                  \n\n          <\/div>\n    <\/div>\n   <\/div>\n<\/div>\n\n   <\/div>\t\n<\/div>\n\n\n<!-- end WooCommerce Product Carousel -->\t\t\t\t<\/div>\n\t\t\t\t<\/div>\n\t\t\t\t\t<\/div>\n\t\t<\/div>\n\t\t\t\t\t<\/div>\n\t\t<\/section>\n\t\t\t\t<section class=\"elementor-section elementor-top-section elementor-element elementor-element-b71efd5 elementor-section-boxed elementor-section-height-default elementor-section-height-default\" data-id=\"b71efd5\" data-element_type=\"section\">\n\t\t\t\t\t\t<div class=\"elementor-container elementor-column-gap-default\">\n\t\t\t\t\t<div class=\"elementor-column elementor-col-100 elementor-top-column elementor-element elementor-element-27a58cf\" data-id=\"27a58cf\" data-element_type=\"column\">\n\t\t\t<div class=\"elementor-widget-wrap elementor-element-populated\">\n\t\t\t\t\t\t<div class=\"elementor-element elementor-element-26cbd43 elementor-icon-list--layout-inline elementor-align-center elementor-list-item-link-full_width elementor-widget elementor-widget-icon-list\" data-id=\"26cbd43\" data-element_type=\"widget\" data-widget_type=\"icon-list.default\">\n\t\t\t\t<div class=\"elementor-widget-container\">\n\t\t\t\t\t\t\t<ul class=\"elementor-icon-list-items elementor-inline-items\">\n\t\t\t\t\t\t\t<li class=\"elementor-icon-list-item elementor-inline-item\">\n\t\t\t\t\t\t\t\t\t\t\t<span class=\"elementor-icon-list-icon\">\n\t\t\t\t\t\t\t<i aria-hidden=\"true\" class=\"fab fa-cc-visa\"><\/i>\t\t\t\t\t\t<\/span>\n\t\t\t\t\t\t\t\t\t\t<span class=\"elementor-icon-list-text\"><\/span>\n\t\t\t\t\t\t\t\t\t<\/li>\n\t\t\t\t\t\t\t\t<li class=\"elementor-icon-list-item elementor-inline-item\">\n\t\t\t\t\t\t\t\t\t\t\t<span class=\"elementor-icon-list-icon\">\n\t\t\t\t\t\t\t<i aria-hidden=\"true\" class=\"fab fa-cc-mastercard\"><\/i>\t\t\t\t\t\t<\/span>\n\t\t\t\t\t\t\t\t\t\t<span class=\"elementor-icon-list-text\"><\/span>\n\t\t\t\t\t\t\t\t\t<\/li>\n\t\t\t\t\t\t\t\t<li class=\"elementor-icon-list-item elementor-inline-item\">\n\t\t\t\t\t\t\t\t\t\t\t<span class=\"elementor-icon-list-icon\">\n\t\t\t\t\t\t\t<i aria-hidden=\"true\" class=\"fab fa-cc-amex\"><\/i>\t\t\t\t\t\t<\/span>\n\t\t\t\t\t\t\t\t\t\t<span class=\"elementor-icon-list-text\"><\/span>\n\t\t\t\t\t\t\t\t\t<\/li>\n\t\t\t\t\t\t\t\t<li class=\"elementor-icon-list-item elementor-inline-item\">\n\t\t\t\t\t\t\t\t\t\t\t<span class=\"elementor-icon-list-icon\">\n\t\t\t\t\t\t\t<i aria-hidden=\"true\" class=\"fab fa-cc-diners-club\"><\/i>\t\t\t\t\t\t<\/span>\n\t\t\t\t\t\t\t\t\t\t<span class=\"elementor-icon-list-text\"><\/span>\n\t\t\t\t\t\t\t\t\t<\/li>\n\t\t\t\t\t\t\t\t<li class=\"elementor-icon-list-item elementor-inline-item\">\n\t\t\t\t\t\t\t\t\t\t\t<span class=\"elementor-icon-list-icon\">\n\t\t\t\t\t\t\t<i aria-hidden=\"true\" class=\"fab fa-cc-paypal\"><\/i>\t\t\t\t\t\t<\/span>\n\t\t\t\t\t\t\t\t\t\t<span class=\"elementor-icon-list-text\"><\/span>\n\t\t\t\t\t\t\t\t\t<\/li>\n\t\t\t\t\t\t\t\t<li class=\"elementor-icon-list-item elementor-inline-item\">\n\t\t\t\t\t\t\t\t\t\t\t<span class=\"elementor-icon-list-icon\">\n\t\t\t\t\t\t\t<i aria-hidden=\"true\" class=\"fab fa-google-pay\"><\/i>\t\t\t\t\t\t<\/span>\n\t\t\t\t\t\t\t\t\t\t<span class=\"elementor-icon-list-text\"><\/span>\n\t\t\t\t\t\t\t\t\t<\/li>\n\t\t\t\t\t\t\t\t<li class=\"elementor-icon-list-item elementor-inline-item\">\n\t\t\t\t\t\t\t\t\t\t\t<span class=\"elementor-icon-list-icon\">\n\t\t\t\t\t\t\t<i aria-hidden=\"true\" class=\"fab fa-apple-pay\"><\/i>\t\t\t\t\t\t<\/span>\n\t\t\t\t\t\t\t\t\t\t<span class=\"elementor-icon-list-text\"><\/span>\n\t\t\t\t\t\t\t\t\t<\/li>\n\t\t\t\t\t\t<\/ul>\n\t\t\t\t\t\t<\/div>\n\t\t\t\t<\/div>\n\t\t\t\t\t<\/div>\n\t\t<\/div>\n\t\t\t\t\t<\/div>\n\t\t<\/section>\n\t\t\t\t<section class=\"elementor-section elementor-top-section elementor-element elementor-element-1e22d2e elementor-section-height-min-height elementor-section-boxed elementor-section-height-default elementor-section-items-middle\" data-id=\"1e22d2e\" data-element_type=\"section\" data-settings=\"{&quot;background_background&quot;:&quot;classic&quot;}\">\n\t\t\t\t\t\t<div class=\"elementor-container elementor-column-gap-default\">\n\t\t\t\t\t<div class=\"elementor-column elementor-col-100 elementor-top-column elementor-element elementor-element-e10fa4d\" data-id=\"e10fa4d\" data-element_type=\"column\" data-settings=\"{&quot;background_background&quot;:&quot;classic&quot;}\">\n\t\t\t<div class=\"elementor-widget-wrap elementor-element-populated\">\n\t\t\t\t\t\t<div class=\"elementor-element elementor-element-8942891 elementor-widget elementor-widget-wpml-language-switcher\" data-id=\"8942891\" data-element_type=\"widget\" data-widget_type=\"wpml-language-switcher.default\">\n\t\t\t\t<div class=\"elementor-widget-container\">\n\t\t\t\t\t<div class=\"wpml-elementor-ls\">\n<div class=\"wpml-ls-statics-shortcode_actions wpml-ls wpml-ls-legacy-list-horizontal\">\n\t<ul role=\"menu\"><li class=\"wpml-ls-slot-shortcode_actions wpml-ls-item wpml-ls-item-sl wpml-ls-first-item wpml-ls-item-legacy-list-horizontal\" role=\"none\">\n\t\t\t\t<a href=\"https:\/\/9tydegrees.eu\/\" class=\"wpml-ls-link\" role=\"menuitem\"  aria-label=\"Switch to SL(SL)\" title=\"Switch to SL(SL)\" >\n                    <span class=\"wpml-ls-native\" lang=\"sl\">SL<\/span><\/a>\n\t\t\t<\/li><li class=\"wpml-ls-slot-shortcode_actions wpml-ls-item wpml-ls-item-en wpml-ls-current-language wpml-ls-last-item wpml-ls-item-legacy-list-horizontal\" role=\"none\">\n\t\t\t\t<a href=\"https:\/\/9tydegrees.eu\/en\/\" class=\"wpml-ls-link\" role=\"menuitem\" >\n                    <span class=\"wpml-ls-native\" role=\"menuitem\">EN<\/span><\/a>\n\t\t\t<\/li><\/ul>\n<\/div>\n<\/div>\t\t\t\t<\/div>\n\t\t\t\t<\/div>\n\t\t\t\t<div class=\"elementor-element elementor-element-60dd83b elementor-nav-menu__align-end elementor-nav-menu--dropdown-tablet elementor-nav-menu__text-align-aside elementor-nav-menu--toggle elementor-nav-menu--burger elementor-widget elementor-widget-nav-menu\" data-id=\"60dd83b\" data-element_type=\"widget\" data-settings=\"{&quot;submenu_icon&quot;:{&quot;value&quot;:&quot;&lt;i class=\\&quot;fas fa-angle-down\\&quot; aria-hidden=\\&quot;true\\&quot;&gt;&lt;\\\/i&gt;&quot;,&quot;library&quot;:&quot;fa-solid&quot;},&quot;layout&quot;:&quot;horizontal&quot;,&quot;toggle&quot;:&quot;burger&quot;}\" data-widget_type=\"nav-menu.default\">\n\t\t\t\t<div class=\"elementor-widget-container\">\n\t\t\t\t\t\t\t\t<nav aria-label=\"Menu\" class=\"elementor-nav-menu--main elementor-nav-menu__container elementor-nav-menu--layout-horizontal e--pointer-none\">\n\t\t\t\t<ul id=\"menu-1-60dd83b\" class=\"elementor-nav-menu\"><li class=\"menu-item wpml-ls-slot-57 wpml-ls-item wpml-ls-item-sl wpml-ls-menu-item wpml-ls-first-item menu-item-type-wpml_ls_menu_item menu-item-object-wpml_ls_menu_item menu-item-wpml-ls-57-sl\"><a href=\"https:\/\/9tydegrees.eu\/\" title=\"Switch to SL(SL)\" aria-label=\"Switch to SL(SL)\" role=\"menuitem\" class=\"elementor-item\"><span class=\"wpml-ls-native\" lang=\"sl\">SL<\/span><\/a><\/li>\n<li class=\"menu-item wpml-ls-slot-57 wpml-ls-item wpml-ls-item-en wpml-ls-current-language wpml-ls-menu-item wpml-ls-last-item menu-item-type-wpml_ls_menu_item menu-item-object-wpml_ls_menu_item menu-item-wpml-ls-57-en\"><a href=\"https:\/\/9tydegrees.eu\/en\/\" role=\"menuitem\" class=\"elementor-item\"><span class=\"wpml-ls-native\" lang=\"en\">EN<\/span><\/a><\/li>\n<\/ul>\t\t\t<\/nav>\n\t\t\t\t\t<div class=\"elementor-menu-toggle\" role=\"button\" tabindex=\"0\" aria-label=\"Menu Toggle\" aria-expanded=\"false\">\n\t\t\t<i aria-hidden=\"true\" role=\"presentation\" class=\"elementor-menu-toggle__icon--open eicon-menu-bar\"><\/i><i aria-hidden=\"true\" role=\"presentation\" class=\"elementor-menu-toggle__icon--close eicon-close\"><\/i>\t\t<\/div>\n\t\t\t\t\t<nav class=\"elementor-nav-menu--dropdown elementor-nav-menu__container\" aria-hidden=\"true\">\n\t\t\t\t<ul id=\"menu-2-60dd83b\" class=\"elementor-nav-menu\"><li class=\"menu-item wpml-ls-slot-57 wpml-ls-item wpml-ls-item-sl wpml-ls-menu-item wpml-ls-first-item menu-item-type-wpml_ls_menu_item menu-item-object-wpml_ls_menu_item menu-item-wpml-ls-57-sl\"><a href=\"https:\/\/9tydegrees.eu\/\" title=\"Switch to SL(SL)\" aria-label=\"Switch to SL(SL)\" role=\"menuitem\" class=\"elementor-item\" tabindex=\"-1\"><span class=\"wpml-ls-native\" lang=\"sl\">SL<\/span><\/a><\/li>\n<li class=\"menu-item wpml-ls-slot-57 wpml-ls-item wpml-ls-item-en wpml-ls-current-language wpml-ls-menu-item wpml-ls-last-item menu-item-type-wpml_ls_menu_item menu-item-object-wpml_ls_menu_item menu-item-wpml-ls-57-en\"><a href=\"https:\/\/9tydegrees.eu\/en\/\" role=\"menuitem\" class=\"elementor-item\" tabindex=\"-1\"><span class=\"wpml-ls-native\" lang=\"en\">EN<\/span><\/a><\/li>\n<\/ul>\t\t\t<\/nav>\n\t\t\t\t\t\t<\/div>\n\t\t\t\t<\/div>\n\t\t\t\t\t<\/div>\n\t\t<\/div>\n\t\t\t\t\t<\/div>\n\t\t<\/section>\n\t\t\t\t<\/div>\n\t\t","protected":false},"excerpt":{"rendered":"<p>Ninety Degrees ORIGINAL 44,88&euro; Dodaj v Ko\u0161arico Ninety Degrees ORIGINAL GAP 46,31&euro; Dodaj v Ko\u0161arico Ninety Degrees CLEAN 49,90&euro; Dodaj v Ko\u0161arico SL EN<\/p>\n","protected":false},"author":1,"featured_media":0,"parent":0,"menu_order":0,"comment_status":"closed","ping_status":"closed","template":"","meta":{"footnotes":""},"class_list":["post-1904","page","type-page","status-publish","hentry"],"_links":{"self":[{"href":"https:\/\/9tydegrees.eu\/en\/wp-json\/wp\/v2\/pages\/1904","targetHints":{"allow":["GET"]}}],"collection":[{"href":"https:\/\/9tydegrees.eu\/en\/wp-json\/wp\/v2\/pages"}],"about":[{"href":"https:\/\/9tydegrees.eu\/en\/wp-json\/wp\/v2\/types\/page"}],"author":[{"embeddable":true,"href":"https:\/\/9tydegrees.eu\/en\/wp-json\/wp\/v2\/users\/1"}],"replies":[{"embeddable":true,"href":"https:\/\/9tydegrees.eu\/en\/wp-json\/wp\/v2\/comments?post=1904"}],"version-history":[{"count":5,"href":"https:\/\/9tydegrees.eu\/en\/wp-json\/wp\/v2\/pages\/1904\/revisions"}],"predecessor-version":[{"id":1962,"href":"https:\/\/9tydegrees.eu\/en\/wp-json\/wp\/v2\/pages\/1904\/revisions\/1962"}],"wp:attachment":[{"href":"https:\/\/9tydegrees.eu\/en\/wp-json\/wp\/v2\/media?parent=1904"}],"curies":[{"name":"wp","href":"https:\/\/api.w.org\/{rel}","templated":true}]}}